{"id":61,"date":"2024-02-07T10:10:16","date_gmt":"2024-02-07T09:10:16","guid":{"rendered":"https:\/\/b3ds.fr\/?page_id=61"},"modified":"2026-03-31T15:37:21","modified_gmt":"2026-03-31T13:37:21","slug":"equipe-b3ds","status":"publish","type":"page","link":"https:\/\/b3ds.fr\/index.php\/equipe-b3ds\/","title":{"rendered":"L&rsquo;\u00e9quipe B3DS"},"content":{"rendered":"\n<h2 class=\"wp-block-heading\"><mark style=\"background-color:rgba(0, 0, 0, 0);color:#fcb900\" class=\"has-inline-color\">Expertise et engagement au service des professionnels<\/mark><\/h2>\n\n\n\n<p>Chez B3DS, notre force repose avant tout sur une \u00e9quipe passionn\u00e9e et engag\u00e9e, sp\u00e9cialis\u00e9e dans le <strong>mat\u00e9riel professionnel pour les m\u00e9tiers de bouche<\/strong> et les <strong>solutions frigorifiques sur mesure<\/strong>.<br>Chaque membre de notre \u00e9quipe met son savoir faire et son exp\u00e9rience au service de vos projets, avec un objectif clair :<br><strong>vous accompagner durablement dans le d\u00e9veloppement de votre activit\u00e9.<\/strong><\/p>\n\n\n\n<div style=\"height:31px\" aria-hidden=\"true\" class=\"wp-block-spacer\"><\/div>\n\n\n\n<div class=\"wp-block-buttons is-content-justification-center is-layout-flex wp-container-core-buttons-is-layout-a89b3969 wp-block-buttons-is-layout-flex\">\n<div class=\"wp-block-button\"><a class=\"wp-block-button__link wp-element-button\" href=\"https:\/\/b3ds.fr\/index.php\/contact-b3ds\/\">Contactez nous !<\/a><\/div>\n<\/div>\n\n\n\n<div style=\"height:31px\" aria-hidden=\"true\" class=\"wp-block-spacer\"><\/div>\n\n\n\n<h3 class=\"wp-block-heading\"><mark style=\"background-color:rgba(0, 0, 0, 0);color:#fcb900\" class=\"has-inline-color\">B3DS, plus qu&rsquo;un fournisseur : un partenaire<\/mark><\/h3>\n\n\n\n<p>Premi\u00e8rement choisir B3DS, c&rsquo;est s&rsquo;appuyer sur une <strong>\u00e9quipe impliqu\u00e9e qui comprend les r\u00e9alit\u00e9s de votre m\u00e9tier<\/strong>.<br>Notre mission est de vous proposer des \u00e9quipements performants tout en vous offrant un accompagnement clair, transparent et efficace.<\/p>\n\n\n\n<div style=\"height:31px\" aria-hidden=\"true\" class=\"wp-block-spacer\"><\/div>\n\n\n\n<figure class=\"wp-block-image aligncenter size-full is-resized\"><img loading=\"lazy\" decoding=\"async\" width=\"800\" height=\"800\" src=\"http:\/\/b3ds.fr\/wp-content\/uploads\/2026\/02\/BD3S-BERTHOLET-Charles-gerant-materiel-frigorifique.jpg\" alt=\"photo de Charles BERTHOLET g\u00e9rant de B3DS Bertholet\" class=\"wp-image-374\" style=\"width:300px;height:auto\" srcset=\"https:\/\/b3ds.fr\/wp-content\/uploads\/2026\/02\/BD3S-BERTHOLET-Charles-gerant-materiel-frigorifique.jpg 800w, https:\/\/b3ds.fr\/wp-content\/uploads\/2026\/02\/BD3S-BERTHOLET-Charles-gerant-materiel-frigorifique-300x300.jpg 300w, https:\/\/b3ds.fr\/wp-content\/uploads\/2026\/02\/BD3S-BERTHOLET-Charles-gerant-materiel-frigorifique-150x150.jpg 150w, https:\/\/b3ds.fr\/wp-content\/uploads\/2026\/02\/BD3S-BERTHOLET-Charles-gerant-materiel-frigorifique-768x768.jpg 768w\" sizes=\"auto, (max-width: 800px) 100vw, 800px\" \/><\/figure>\n\n\n\n<p class=\"has-text-align-center\">BERTHOLET Charles &#8211; G\u00e9rant<\/p>\n\n\n\n<div style=\"height:31px\" aria-hidden=\"true\" class=\"wp-block-spacer\"><\/div>\n\n\n\n<h4 class=\"wp-block-heading\"><mark style=\"background-color:rgba(0, 0, 0, 0);color:#fcb900\" class=\"has-inline-color\">Un accompagnement personnalis\u00e9<\/mark><\/h4>\n\n\n\n<p>Chez B3DS, nous privil\u00e9gions une <strong>approche humaine et sur mesure<\/strong>.<br>De l&rsquo;analyse de vos besoins \u00e0 la livraison de votre mat\u00e9riel, nous assurons :<br><strong>&#8211; Conseil technique personnalis\u00e9.<br>&#8211; S\u00e9lection rigoureuse des \u00e9quipements.<br>&#8211; Suivi de commande et coordination logistique.<br>&#8211; Service r\u00e9actif et disponible.<br><\/strong>Notre proximit\u00e9 avec nos clients nous permet de construire des relations de confiance sur le long terme.<\/p>\n\n\n\n<div style=\"height:31px\" aria-hidden=\"true\" class=\"wp-block-spacer\"><\/div>\n\n\n\n<h4 class=\"wp-block-heading\"><mark style=\"background-color:rgba(0, 0, 0, 0);color:#fcb900\" class=\"has-inline-color\">Une expertise m\u00e9tier reconnue<\/mark><\/h4>\n\n\n\n<p>Enfin notre \u00e9quipe ma\u00eetrise les exigences techniques, r\u00e9glementaires et op\u00e9rationnelles propres aux <strong>glaciers et aux professionnels de l&rsquo;alimentaire<\/strong>.<br>Gr\u00e2ce \u00e0 cette expertise, nous vous orientons vers des \u00e9quipements adapt\u00e9s \u00e0 vos contraintes terrain, \u00e0 votre budget et \u00e0 vos ambitions de croissance.<\/p>\n\n\n\n<div style=\"height:31px\" aria-hidden=\"true\" class=\"wp-block-spacer\"><\/div>\n\n\n\n<div class=\"wp-block-buttons is-content-justification-center is-layout-flex wp-container-core-buttons-is-layout-a89b3969 wp-block-buttons-is-layout-flex\">\n<div class=\"wp-block-button\"><a class=\"wp-block-button__link wp-element-button\" href=\"https:\/\/b3ds.fr\/index.php\/qui-sommes-nous\/\">Qui somme nous ?<\/a><\/div>\n<\/div>\n\n\n\n<div style=\"height:54px\" aria-hidden=\"true\" class=\"wp-block-spacer\"><\/div>\n","protected":false},"excerpt":{"rendered":"<p>Expertise et engagement au service des professionnels Chez B3DS, notre force repose avant tout sur une \u00e9quipe passionn\u00e9e et engag\u00e9e, sp\u00e9cialis\u00e9e dans le mat\u00e9riel professionnel pour les m\u00e9tiers de bouche et les solutions frigorifiques sur mesure.Chaque membre de notre \u00e9quipe met son savoir faire et son exp\u00e9rience au service de vos projets, avec un objectif [&hellip;]<\/p>\n","protected":false},"author":1,"featured_media":0,"parent":0,"menu_order":0,"comment_status":"closed","ping_status":"closed","template":"","meta":{"site-sidebar-layout":"default","site-content-layout":"","ast-site-content-layout":"default","site-content-style":"default","site-sidebar-style":"default","ast-global-header-display":"","ast-banner-title-visibility":"","ast-main-header-display":"","ast-hfb-above-header-display":"","ast-hfb-below-header-display":"","ast-hfb-mobile-header-display":"","site-post-title":"","ast-breadcrumbs-content":"","ast-featured-img":"","footer-sml-layout":"","ast-disable-related-posts":"","theme-transparent-header-meta":"","adv-header-id-meta":"","stick-header-meta":"","header-above-stick-meta":"","header-main-stick-meta":"","header-below-stick-meta":"","astra-migrate-meta-layouts":"default","ast-page-background-enabled":"default","ast-page-background-meta":{"desktop":{"background-color":"var(--ast-global-color-4)","background-image":"","background-repeat":"repeat","background-position":"center center","background-size":"auto","background-attachment":"scroll","background-type":"","background-media":"","overlay-type":"","overlay-color":"","overlay-opacity":"","overlay-gradient":""},"tablet":{"background-color":"","background-image":"","background-repeat":"repeat","background-position":"center center","background-size":"auto","background-attachment":"scroll","background-type":"","background-media":"","overlay-type":"","overlay-color":"","overlay-opacity":"","overlay-gradient":""},"mobile":{"background-color":"","background-image":"","background-repeat":"repeat","background-position":"center center","background-size":"auto","background-attachment":"scroll","background-type":"","background-media":"","overlay-type":"","overlay-color":"","overlay-opacity":"","overlay-gradient":""}},"ast-content-background-meta":{"desktop":{"background-color":"var(--ast-global-color-5)","background-image":"","background-repeat":"repeat","background-position":"center center","background-size":"auto","background-attachment":"scroll","background-type":"","background-media":"","overlay-type":"","overlay-color":"","overlay-opacity":"","overlay-gradient":""},"tablet":{"background-color":"var(--ast-global-color-5)","background-image":"","background-repeat":"repeat","background-position":"center center","background-size":"auto","background-attachment":"scroll","background-type":"","background-media":"","overlay-type":"","overlay-color":"","overlay-opacity":"","overlay-gradient":""},"mobile":{"background-color":"var(--ast-global-color-5)","background-image":"","background-repeat":"repeat","background-position":"center center","background-size":"auto","background-attachment":"scroll","background-type":"","background-media":"","overlay-type":"","overlay-color":"","overlay-opacity":"","overlay-gradient":""}},"footnotes":""},"class_list":["post-61","page","type-page","status-publish","hentry"],"yoast_head":"<!-- This site is optimized with the Yoast SEO plugin v27.5 - https:\/\/yoast.com\/product\/yoast-seo-wordpress\/ -->\n<title>L&#039;\u00e9quipe B3DS -<\/title>\n<meta name=\"description\" content=\"Retrouver l&#039;\u00e9quipe du projet remorque CARLITO initi\u00e9 par Charles BERTHOLET. C&#039;est gr\u00e2ce \u00e0 eux que CARLITO \u00e0 vu le jour.\" \/>\n<meta name=\"robots\" content=\"index, follow, max-snippet:-1, max-image-preview:large, max-video-preview:-1\" \/>\n<link rel=\"canonical\" href=\"https:\/\/b3ds.fr\/index.php\/equipe-b3ds\/\" \/>\n<meta property=\"og:locale\" content=\"fr_FR\" \/>\n<meta property=\"og:type\" content=\"article\" \/>\n<meta property=\"og:title\" content=\"L&#039;\u00e9quipe B3DS -\" \/>\n<meta property=\"og:description\" content=\"Retrouver l&#039;\u00e9quipe du projet remorque CARLITO initi\u00e9 par Charles BERTHOLET. C&#039;est gr\u00e2ce \u00e0 eux que CARLITO \u00e0 vu le jour.\" \/>\n<meta property=\"og:url\" content=\"https:\/\/b3ds.fr\/index.php\/equipe-b3ds\/\" \/>\n<meta property=\"article:modified_time\" content=\"2026-03-31T13:37:21+00:00\" \/>\n<meta property=\"og:image\" content=\"https:\/\/b3ds.fr\/wp-content\/uploads\/2026\/02\/BD3S-BERTHOLET-Charles-gerant-materiel-frigorifique.jpg\" \/>\n\t<meta property=\"og:image:width\" content=\"800\" \/>\n\t<meta property=\"og:image:height\" content=\"800\" \/>\n\t<meta property=\"og:image:type\" content=\"image\/jpeg\" \/>\n<meta name=\"twitter:card\" content=\"summary_large_image\" \/>\n<meta name=\"twitter:label1\" content=\"Dur\u00e9e de lecture estim\u00e9e\" \/>\n\t<meta name=\"twitter:data1\" content=\"2 minutes\" \/>\n<script type=\"application\/ld+json\" class=\"yoast-schema-graph\">{\"@context\":\"https:\\\/\\\/schema.org\",\"@graph\":[{\"@type\":\"WebPage\",\"@id\":\"https:\\\/\\\/b3ds.fr\\\/index.php\\\/equipe-b3ds\\\/\",\"url\":\"https:\\\/\\\/b3ds.fr\\\/index.php\\\/equipe-b3ds\\\/\",\"name\":\"L'\u00e9quipe B3DS -\",\"isPartOf\":{\"@id\":\"https:\\\/\\\/b3ds.fr\\\/#website\"},\"primaryImageOfPage\":{\"@id\":\"https:\\\/\\\/b3ds.fr\\\/index.php\\\/equipe-b3ds\\\/#primaryimage\"},\"image\":{\"@id\":\"https:\\\/\\\/b3ds.fr\\\/index.php\\\/equipe-b3ds\\\/#primaryimage\"},\"thumbnailUrl\":\"http:\\\/\\\/b3ds.fr\\\/wp-content\\\/uploads\\\/2026\\\/02\\\/BD3S-BERTHOLET-Charles-gerant-materiel-frigorifique.jpg\",\"datePublished\":\"2024-02-07T09:10:16+00:00\",\"dateModified\":\"2026-03-31T13:37:21+00:00\",\"description\":\"Retrouver l'\u00e9quipe du projet remorque CARLITO initi\u00e9 par Charles BERTHOLET. C'est gr\u00e2ce \u00e0 eux que CARLITO \u00e0 vu le jour.\",\"breadcrumb\":{\"@id\":\"https:\\\/\\\/b3ds.fr\\\/index.php\\\/equipe-b3ds\\\/#breadcrumb\"},\"inLanguage\":\"fr-FR\",\"potentialAction\":[{\"@type\":\"ReadAction\",\"target\":[\"https:\\\/\\\/b3ds.fr\\\/index.php\\\/equipe-b3ds\\\/\"]}]},{\"@type\":\"ImageObject\",\"inLanguage\":\"fr-FR\",\"@id\":\"https:\\\/\\\/b3ds.fr\\\/index.php\\\/equipe-b3ds\\\/#primaryimage\",\"url\":\"https:\\\/\\\/b3ds.fr\\\/wp-content\\\/uploads\\\/2026\\\/02\\\/BD3S-BERTHOLET-Charles-gerant-materiel-frigorifique.jpg\",\"contentUrl\":\"https:\\\/\\\/b3ds.fr\\\/wp-content\\\/uploads\\\/2026\\\/02\\\/BD3S-BERTHOLET-Charles-gerant-materiel-frigorifique.jpg\",\"width\":800,\"height\":800,\"caption\":\"Photo de l'\u00e9quipe, g\u00e9rant de B3DS Bertholet\"},{\"@type\":\"BreadcrumbList\",\"@id\":\"https:\\\/\\\/b3ds.fr\\\/index.php\\\/equipe-b3ds\\\/#breadcrumb\",\"itemListElement\":[{\"@type\":\"ListItem\",\"position\":1,\"name\":\"Accueil\",\"item\":\"https:\\\/\\\/b3ds.fr\\\/\"},{\"@type\":\"ListItem\",\"position\":2,\"name\":\"L&rsquo;\u00e9quipe B3DS\"}]},{\"@type\":\"WebSite\",\"@id\":\"https:\\\/\\\/b3ds.fr\\\/#website\",\"url\":\"https:\\\/\\\/b3ds.fr\\\/\",\"name\":\"\",\"description\":\"A vous d\u2019inventer le business qui va avec !\",\"potentialAction\":[{\"@type\":\"SearchAction\",\"target\":{\"@type\":\"EntryPoint\",\"urlTemplate\":\"https:\\\/\\\/b3ds.fr\\\/?s={search_term_string}\"},\"query-input\":{\"@type\":\"PropertyValueSpecification\",\"valueRequired\":true,\"valueName\":\"search_term_string\"}}],\"inLanguage\":\"fr-FR\"}]}<\/script>\n<!-- \/ Yoast SEO plugin. -->","yoast_head_json":{"title":"L'\u00e9quipe B3DS -","description":"Retrouver l'\u00e9quipe du projet remorque CARLITO initi\u00e9 par Charles BERTHOLET. C'est gr\u00e2ce \u00e0 eux que CARLITO \u00e0 vu le jour.","robots":{"index":"index","follow":"follow","max-snippet":"max-snippet:-1","max-image-preview":"max-image-preview:large","max-video-preview":"max-video-preview:-1"},"canonical":"https:\/\/b3ds.fr\/index.php\/equipe-b3ds\/","og_locale":"fr_FR","og_type":"article","og_title":"L'\u00e9quipe B3DS -","og_description":"Retrouver l'\u00e9quipe du projet remorque CARLITO initi\u00e9 par Charles BERTHOLET. C'est gr\u00e2ce \u00e0 eux que CARLITO \u00e0 vu le jour.","og_url":"https:\/\/b3ds.fr\/index.php\/equipe-b3ds\/","article_modified_time":"2026-03-31T13:37:21+00:00","og_image":[{"width":800,"height":800,"url":"https:\/\/b3ds.fr\/wp-content\/uploads\/2026\/02\/BD3S-BERTHOLET-Charles-gerant-materiel-frigorifique.jpg","type":"image\/jpeg"}],"twitter_card":"summary_large_image","twitter_misc":{"Dur\u00e9e de lecture estim\u00e9e":"2 minutes"},"schema":{"@context":"https:\/\/schema.org","@graph":[{"@type":"WebPage","@id":"https:\/\/b3ds.fr\/index.php\/equipe-b3ds\/","url":"https:\/\/b3ds.fr\/index.php\/equipe-b3ds\/","name":"L'\u00e9quipe B3DS -","isPartOf":{"@id":"https:\/\/b3ds.fr\/#website"},"primaryImageOfPage":{"@id":"https:\/\/b3ds.fr\/index.php\/equipe-b3ds\/#primaryimage"},"image":{"@id":"https:\/\/b3ds.fr\/index.php\/equipe-b3ds\/#primaryimage"},"thumbnailUrl":"http:\/\/b3ds.fr\/wp-content\/uploads\/2026\/02\/BD3S-BERTHOLET-Charles-gerant-materiel-frigorifique.jpg","datePublished":"2024-02-07T09:10:16+00:00","dateModified":"2026-03-31T13:37:21+00:00","description":"Retrouver l'\u00e9quipe du projet remorque CARLITO initi\u00e9 par Charles BERTHOLET. C'est gr\u00e2ce \u00e0 eux que CARLITO \u00e0 vu le jour.","breadcrumb":{"@id":"https:\/\/b3ds.fr\/index.php\/equipe-b3ds\/#breadcrumb"},"inLanguage":"fr-FR","potentialAction":[{"@type":"ReadAction","target":["https:\/\/b3ds.fr\/index.php\/equipe-b3ds\/"]}]},{"@type":"ImageObject","inLanguage":"fr-FR","@id":"https:\/\/b3ds.fr\/index.php\/equipe-b3ds\/#primaryimage","url":"https:\/\/b3ds.fr\/wp-content\/uploads\/2026\/02\/BD3S-BERTHOLET-Charles-gerant-materiel-frigorifique.jpg","contentUrl":"https:\/\/b3ds.fr\/wp-content\/uploads\/2026\/02\/BD3S-BERTHOLET-Charles-gerant-materiel-frigorifique.jpg","width":800,"height":800,"caption":"Photo de l'\u00e9quipe, g\u00e9rant de B3DS Bertholet"},{"@type":"BreadcrumbList","@id":"https:\/\/b3ds.fr\/index.php\/equipe-b3ds\/#breadcrumb","itemListElement":[{"@type":"ListItem","position":1,"name":"Accueil","item":"https:\/\/b3ds.fr\/"},{"@type":"ListItem","position":2,"name":"L&rsquo;\u00e9quipe B3DS"}]},{"@type":"WebSite","@id":"https:\/\/b3ds.fr\/#website","url":"https:\/\/b3ds.fr\/","name":"","description":"A vous d\u2019inventer le business qui va avec !","potentialAction":[{"@type":"SearchAction","target":{"@type":"EntryPoint","urlTemplate":"https:\/\/b3ds.fr\/?s={search_term_string}"},"query-input":{"@type":"PropertyValueSpecification","valueRequired":true,"valueName":"search_term_string"}}],"inLanguage":"fr-FR"}]}},"_links":{"self":[{"href":"https:\/\/b3ds.fr\/index.php\/wp-json\/wp\/v2\/pages\/61","targetHints":{"allow":["GET"]}}],"collection":[{"href":"https:\/\/b3ds.fr\/index.php\/wp-json\/wp\/v2\/pages"}],"about":[{"href":"https:\/\/b3ds.fr\/index.php\/wp-json\/wp\/v2\/types\/page"}],"author":[{"embeddable":true,"href":"https:\/\/b3ds.fr\/index.php\/wp-json\/wp\/v2\/users\/1"}],"replies":[{"embeddable":true,"href":"https:\/\/b3ds.fr\/index.php\/wp-json\/wp\/v2\/comments?post=61"}],"version-history":[{"count":18,"href":"https:\/\/b3ds.fr\/index.php\/wp-json\/wp\/v2\/pages\/61\/revisions"}],"predecessor-version":[{"id":516,"href":"https:\/\/b3ds.fr\/index.php\/wp-json\/wp\/v2\/pages\/61\/revisions\/516"}],"wp:attachment":[{"href":"https:\/\/b3ds.fr\/index.php\/wp-json\/wp\/v2\/media?parent=61"}],"curies":[{"name":"wp","href":"https:\/\/api.w.org\/{rel}","templated":true}]}}