{"id":146,"date":"2024-05-14T11:44:36","date_gmt":"2024-05-14T09:44:36","guid":{"rendered":"https:\/\/b3ds.fr\/?page_id=146"},"modified":"2026-03-31T15:51:19","modified_gmt":"2026-03-31T13:51:19","slug":"contact-b3ds","status":"publish","type":"page","link":"https:\/\/b3ds.fr\/index.php\/contact-b3ds\/","title":{"rendered":"Contactez Nous"},"content":{"rendered":"<style id=\"wpforms-css-vars-150-block-8d71599f-7d61-47d5-aeac-25f16333dd95\">\n\t\t\t\t#wpforms-150.wpforms-block-8d71599f-7d61-47d5-aeac-25f16333dd95 {\n\t\t\t\t--wpforms-field-size-input-height: 43px;\n--wpforms-field-size-input-spacing: 15px;\n--wpforms-field-size-font-size: 16px;\n--wpforms-field-size-line-height: 19px;\n--wpforms-field-size-padding-h: 14px;\n--wpforms-field-size-checkbox-size: 16px;\n--wpforms-field-size-sublabel-spacing: 5px;\n--wpforms-field-size-icon-size: 1;\n--wpforms-label-size-font-size: 16px;\n--wpforms-label-size-line-height: 19px;\n--wpforms-label-size-sublabel-font-size: 14px;\n--wpforms-label-size-sublabel-line-height: 17px;\n--wpforms-button-size-font-size: 17px;\n--wpforms-button-size-height: 41px;\n--wpforms-button-size-padding-h: 15px;\n--wpforms-button-size-margin-top: 10px;\n\t\t\t}\n\t\t\t<\/style><div class=\"wpforms-container wpforms-container-full wpforms-block wpforms-block-8d71599f-7d61-47d5-aeac-25f16333dd95 wpforms-render-modern\" id=\"wpforms-150\"><form id=\"wpforms-form-150\" class=\"wpforms-validate wpforms-form wpforms-ajax-form\" data-formid=\"150\" method=\"post\" enctype=\"multipart\/form-data\" action=\"\/index.php\/wp-json\/wp\/v2\/pages\/146\" data-token=\"532fd31b0b9284946ef051a8dff7ca6c\" data-token-time=\"1777524333\"><noscript class=\"wpforms-error-noscript\">Veuillez activer JavaScript dans votre navigateur pour remplir ce formulaire.<\/noscript><div id=\"wpforms-error-noscript\" style=\"display: none;\">Veuillez activer JavaScript dans votre navigateur pour remplir ce formulaire.<\/div><div class=\"wpforms-field-container\"><div id=\"wpforms-150-field_0-container\" class=\"wpforms-field wpforms-field-name\" data-field-id=\"0\"><fieldset><legend class=\"wpforms-field-label\">Nom <span class=\"wpforms-required-label\" aria-hidden=\"true\">*<\/span><\/legend><div class=\"wpforms-field-row wpforms-field-medium\"><div class=\"wpforms-field-row-block wpforms-first wpforms-one-half\"><input type=\"text\" id=\"wpforms-150-field_0\" class=\"wpforms-field-name-first wpforms-field-required\" name=\"wpforms[fields][0][first]\" aria-errormessage=\"wpforms-150-field_0-error\" required><label for=\"wpforms-150-field_0\" class=\"wpforms-field-sublabel after\">Pr\u00e9nom<\/label><\/div><div class=\"wpforms-field-row-block wpforms-one-half\"><input type=\"text\" id=\"wpforms-150-field_0-last\" class=\"wpforms-field-name-last wpforms-field-required\" name=\"wpforms[fields][0][last]\" aria-errormessage=\"wpforms-150-field_0-last-error\" required><label for=\"wpforms-150-field_0-last\" class=\"wpforms-field-sublabel after\">Nom<\/label><\/div><\/div><\/fieldset><\/div><div id=\"wpforms-150-field_1-container\" class=\"wpforms-field wpforms-field-email\" data-field-id=\"1\"><label class=\"wpforms-field-label\" for=\"wpforms-150-field_1\">E-mail <span class=\"wpforms-required-label\" aria-hidden=\"true\">*<\/span><\/label><input type=\"email\" id=\"wpforms-150-field_1\" class=\"wpforms-field-medium wpforms-field-required\" name=\"wpforms[fields][1]\" spellcheck=\"false\" aria-errormessage=\"wpforms-150-field_1-error\" required><\/div><div id=\"wpforms-150-field_2-container\" class=\"wpforms-field wpforms-field-textarea\" data-field-id=\"2\"><label class=\"wpforms-field-label\" for=\"wpforms-150-field_2\">Commentaire ou message<\/label><textarea id=\"wpforms-150-field_2\" class=\"wpforms-field-medium\" name=\"wpforms[fields][2]\" aria-errormessage=\"wpforms-150-field_2-error\" ><\/textarea><\/div><\/div><!-- .wpforms-field-container --><div class=\"wpforms-submit-container\" ><input type=\"hidden\" name=\"wpforms[id]\" value=\"150\"><input type=\"hidden\" name=\"page_title\" value=\"\"><input type=\"hidden\" name=\"page_url\" value=\"https:\/\/b3ds.fr\/index.php\/wp-json\/wp\/v2\/pages\/146\"><input type=\"hidden\" name=\"url_referer\" value=\"\"><button type=\"submit\" name=\"wpforms[submit]\" id=\"wpforms-submit-150\" class=\"wpforms-submit\" data-alt-text=\"Envoi...\" data-submit-text=\"Envoyer\" aria-live=\"assertive\" value=\"wpforms-submit\">Envoyer<\/button><img loading=\"lazy\" decoding=\"async\" src=\"https:\/\/b3ds.fr\/wp-content\/plugins\/wpforms-lite\/assets\/images\/submit-spin.svg\" class=\"wpforms-submit-spinner\" style=\"display: none;\" width=\"26\" height=\"26\" alt=\"Chargement en cours\"><\/div><\/form><\/div>  <!-- .wpforms-container -->\n\n\n<hr class=\"wp-block-separator has-alpha-channel-opacity\"\/>\n\n\n\n<div style=\"height:53px\" aria-hidden=\"true\" class=\"wp-block-spacer\"><\/div>\n\n\n\n<h3 class=\"wp-block-heading\">Bas\u00e9s \u00e0 Saint-\u00c9tienne, au c\u0153ur de la Loire (42)<\/h3>\n\n\n\n<div class=\"wp-block-columns is-layout-flex wp-container-core-columns-is-layout-28f84493 wp-block-columns-is-layout-flex\">\n<div class=\"wp-block-column is-layout-flow wp-block-column-is-layout-flow\">\n<figure class=\"wp-block-image size-large\"><img loading=\"lazy\" decoding=\"async\" width=\"1024\" height=\"792\" src=\"http:\/\/b3ds.fr\/wp-content\/uploads\/2026\/02\/B3DS_carlito_remorque_graphismes_design_deco_bleu_batcheditor_fotor-1024x792.jpg\" alt=\"B3DS Remorque frigorifique CARLITO\" class=\"wp-image-343\" srcset=\"https:\/\/b3ds.fr\/wp-content\/uploads\/2026\/02\/B3DS_carlito_remorque_graphismes_design_deco_bleu_batcheditor_fotor-1024x792.jpg 1024w, https:\/\/b3ds.fr\/wp-content\/uploads\/2026\/02\/B3DS_carlito_remorque_graphismes_design_deco_bleu_batcheditor_fotor-300x232.jpg 300w, https:\/\/b3ds.fr\/wp-content\/uploads\/2026\/02\/B3DS_carlito_remorque_graphismes_design_deco_bleu_batcheditor_fotor-768x594.jpg 768w, https:\/\/b3ds.fr\/wp-content\/uploads\/2026\/02\/B3DS_carlito_remorque_graphismes_design_deco_bleu_batcheditor_fotor-1536x1189.jpg 1536w, https:\/\/b3ds.fr\/wp-content\/uploads\/2026\/02\/B3DS_carlito_remorque_graphismes_design_deco_bleu_batcheditor_fotor-2048x1585.jpg 2048w\" sizes=\"auto, (max-width: 1024px) 100vw, 1024px\" \/><\/figure>\n<\/div>\n\n\n\n<div class=\"wp-block-column is-layout-flow wp-block-column-is-layout-flow\">\n<p>Notre activit\u00e9 principale repose sur le <strong>n\u00e9goce de mat\u00e9riel professionnel sp\u00e9cialis\u00e9 \u00e0 destination des m\u00e9tiers de bouche<\/strong>. Nous mettons \u00e0 disposition une gamme compl\u00e8te d&rsquo;\u00e9quipements haut de gamme, rigoureusement s\u00e9lectionn\u00e9s pour r\u00e9pondre aux exigences techniques et r\u00e9glementaires des <strong>bouchers, fromagers, restaurateurs et glaciers<\/strong>, en garantissant performance, fiabilit\u00e9 et durabilit\u00e9.<\/p>\n\n\n\n<p>Gr\u00e2ce \u00e0 notre expertise et \u00e0 notre connaissance approfondie de ce secteur, nous sommes en mesure de r\u00e9pondre aux besoins sp\u00e9cifiques de chaque m\u00e9tier, en proposant des solutions adapt\u00e9es \u00e0 leurs exigences techniques et op\u00e9rationnelles.<\/p>\n\n\n\n<div class=\"wp-block-buttons is-content-justification-left is-layout-flex wp-container-core-buttons-is-layout-fc4fd283 wp-block-buttons-is-layout-flex\">\n<div class=\"wp-block-button\"><a class=\"wp-block-button__link wp-element-button\" href=\"https:\/\/b3ds.fr\/index.php\/qui-sommes-nous\/\">Qui sommes nous ?<\/a><\/div>\n<\/div>\n<\/div>\n<\/div>\n","protected":false},"excerpt":{"rendered":"<p>Bas\u00e9s \u00e0 Saint-\u00c9tienne, au c\u0153ur de la Loire (42) Notre activit\u00e9 principale repose sur le n\u00e9goce de mat\u00e9riel professionnel sp\u00e9cialis\u00e9 \u00e0 destination des m\u00e9tiers de bouche. Nous mettons \u00e0 disposition une gamme compl\u00e8te d&rsquo;\u00e9quipements haut de gamme, rigoureusement s\u00e9lectionn\u00e9s pour r\u00e9pondre aux exigences techniques et r\u00e9glementaires des bouchers, fromagers, restaurateurs et glaciers, en garantissant performance, [&hellip;]<\/p>\n","protected":false},"author":1,"featured_media":0,"parent":0,"menu_order":0,"comment_status":"closed","ping_status":"closed","template":"","meta":{"site-sidebar-layout":"default","site-content-layout":"","ast-site-content-layout":"default","site-content-style":"default","site-sidebar-style":"default","ast-global-header-display":"","ast-banner-title-visibility":"","ast-main-header-display":"","ast-hfb-above-header-display":"","ast-hfb-below-header-display":"","ast-hfb-mobile-header-display":"","site-post-title":"","ast-breadcrumbs-content":"","ast-featured-img":"","footer-sml-layout":"","ast-disable-related-posts":"","theme-transparent-header-meta":"","adv-header-id-meta":"","stick-header-meta":"","header-above-stick-meta":"","header-main-stick-meta":"","header-below-stick-meta":"","astra-migrate-meta-layouts":"default","ast-page-background-enabled":"default","ast-page-background-meta":{"desktop":{"background-color":"var(--ast-global-color-4)","background-image":"","background-repeat":"repeat","background-position":"center center","background-size":"auto","background-attachment":"scroll","background-type":"","background-media":"","overlay-type":"","overlay-color":"","overlay-opacity":"","overlay-gradient":""},"tablet":{"background-color":"","background-image":"","background-repeat":"repeat","background-position":"center center","background-size":"auto","background-attachment":"scroll","background-type":"","background-media":"","overlay-type":"","overlay-color":"","overlay-opacity":"","overlay-gradient":""},"mobile":{"background-color":"","background-image":"","background-repeat":"repeat","background-position":"center center","background-size":"auto","background-attachment":"scroll","background-type":"","background-media":"","overlay-type":"","overlay-color":"","overlay-opacity":"","overlay-gradient":""}},"ast-content-background-meta":{"desktop":{"background-color":"var(--ast-global-color-5)","background-image":"","background-repeat":"repeat","background-position":"center center","background-size":"auto","background-attachment":"scroll","background-type":"","background-media":"","overlay-type":"","overlay-color":"","overlay-opacity":"","overlay-gradient":""},"tablet":{"background-color":"var(--ast-global-color-5)","background-image":"","background-repeat":"repeat","background-position":"center center","background-size":"auto","background-attachment":"scroll","background-type":"","background-media":"","overlay-type":"","overlay-color":"","overlay-opacity":"","overlay-gradient":""},"mobile":{"background-color":"var(--ast-global-color-5)","background-image":"","background-repeat":"repeat","background-position":"center center","background-size":"auto","background-attachment":"scroll","background-type":"","background-media":"","overlay-type":"","overlay-color":"","overlay-opacity":"","overlay-gradient":""}},"footnotes":""},"class_list":["post-146","page","type-page","status-publish","hentry"],"yoast_head":"<!-- This site is optimized with the Yoast SEO plugin v27.5 - https:\/\/yoast.com\/product\/yoast-seo-wordpress\/ -->\n<title>Contactez Nous<\/title>\n<meta name=\"description\" content=\"Contactez B3DS pour toute demande d&#039;informations sur nos \u00e9quipements professionnels et remorques frigorifiques. R\u00e9ponse rapide !\" \/>\n<meta name=\"robots\" content=\"index, follow, max-snippet:-1, max-image-preview:large, max-video-preview:-1\" \/>\n<link rel=\"canonical\" href=\"https:\/\/b3ds.fr\/index.php\/contact-b3ds\/\" \/>\n<meta property=\"og:locale\" content=\"fr_FR\" \/>\n<meta property=\"og:type\" content=\"article\" \/>\n<meta property=\"og:title\" content=\"Contactez Nous\" \/>\n<meta property=\"og:description\" content=\"Contactez B3DS pour toute demande d&#039;informations sur nos \u00e9quipements professionnels et remorques frigorifiques. R\u00e9ponse rapide !\" \/>\n<meta property=\"og:url\" content=\"https:\/\/b3ds.fr\/index.php\/contact-b3ds\/\" \/>\n<meta property=\"article:modified_time\" content=\"2026-03-31T13:51:19+00:00\" \/>\n<meta property=\"og:image\" content=\"http:\/\/b3ds.fr\/wp-content\/uploads\/2026\/02\/B3DS_carlito_remorque_graphismes_design_deco_bleu_batcheditor_fotor-1024x792.jpg\" \/>\n<meta name=\"twitter:card\" content=\"summary_large_image\" \/>\n<meta name=\"twitter:label1\" content=\"Dur\u00e9e de lecture estim\u00e9e\" \/>\n\t<meta name=\"twitter:data1\" content=\"1 minute\" \/>\n<script type=\"application\/ld+json\" class=\"yoast-schema-graph\">{\"@context\":\"https:\\\/\\\/schema.org\",\"@graph\":[{\"@type\":\"WebPage\",\"@id\":\"https:\\\/\\\/b3ds.fr\\\/index.php\\\/contact-b3ds\\\/\",\"url\":\"https:\\\/\\\/b3ds.fr\\\/index.php\\\/contact-b3ds\\\/\",\"name\":\"Contactez Nous\",\"isPartOf\":{\"@id\":\"https:\\\/\\\/b3ds.fr\\\/#website\"},\"primaryImageOfPage\":{\"@id\":\"https:\\\/\\\/b3ds.fr\\\/index.php\\\/contact-b3ds\\\/#primaryimage\"},\"image\":{\"@id\":\"https:\\\/\\\/b3ds.fr\\\/index.php\\\/contact-b3ds\\\/#primaryimage\"},\"thumbnailUrl\":\"http:\\\/\\\/b3ds.fr\\\/wp-content\\\/uploads\\\/2026\\\/02\\\/B3DS_carlito_remorque_graphismes_design_deco_bleu_batcheditor_fotor-1024x792.jpg\",\"datePublished\":\"2024-05-14T09:44:36+00:00\",\"dateModified\":\"2026-03-31T13:51:19+00:00\",\"description\":\"Contactez B3DS pour toute demande d'informations sur nos \u00e9quipements professionnels et remorques frigorifiques. R\u00e9ponse rapide !\",\"breadcrumb\":{\"@id\":\"https:\\\/\\\/b3ds.fr\\\/index.php\\\/contact-b3ds\\\/#breadcrumb\"},\"inLanguage\":\"fr-FR\",\"potentialAction\":[{\"@type\":\"ReadAction\",\"target\":[\"https:\\\/\\\/b3ds.fr\\\/index.php\\\/contact-b3ds\\\/\"]}]},{\"@type\":\"ImageObject\",\"inLanguage\":\"fr-FR\",\"@id\":\"https:\\\/\\\/b3ds.fr\\\/index.php\\\/contact-b3ds\\\/#primaryimage\",\"url\":\"https:\\\/\\\/b3ds.fr\\\/wp-content\\\/uploads\\\/2026\\\/02\\\/B3DS_carlito_remorque_graphismes_design_deco_bleu_batcheditor_fotor-scaled.jpg\",\"contentUrl\":\"https:\\\/\\\/b3ds.fr\\\/wp-content\\\/uploads\\\/2026\\\/02\\\/B3DS_carlito_remorque_graphismes_design_deco_bleu_batcheditor_fotor-scaled.jpg\",\"width\":2560,\"height\":1981,\"caption\":\"Carlito remoque frigorifique de B3DS personnalisable\"},{\"@type\":\"BreadcrumbList\",\"@id\":\"https:\\\/\\\/b3ds.fr\\\/index.php\\\/contact-b3ds\\\/#breadcrumb\",\"itemListElement\":[{\"@type\":\"ListItem\",\"position\":1,\"name\":\"Accueil\",\"item\":\"https:\\\/\\\/b3ds.fr\\\/\"},{\"@type\":\"ListItem\",\"position\":2,\"name\":\"Contactez Nous\"}]},{\"@type\":\"WebSite\",\"@id\":\"https:\\\/\\\/b3ds.fr\\\/#website\",\"url\":\"https:\\\/\\\/b3ds.fr\\\/\",\"name\":\"\",\"description\":\"A vous d\u2019inventer le business qui va avec !\",\"potentialAction\":[{\"@type\":\"SearchAction\",\"target\":{\"@type\":\"EntryPoint\",\"urlTemplate\":\"https:\\\/\\\/b3ds.fr\\\/?s={search_term_string}\"},\"query-input\":{\"@type\":\"PropertyValueSpecification\",\"valueRequired\":true,\"valueName\":\"search_term_string\"}}],\"inLanguage\":\"fr-FR\"}]}<\/script>\n<!-- \/ Yoast SEO plugin. -->","yoast_head_json":{"title":"Contactez Nous","description":"Contactez B3DS pour toute demande d'informations sur nos \u00e9quipements professionnels et remorques frigorifiques. R\u00e9ponse rapide !","robots":{"index":"index","follow":"follow","max-snippet":"max-snippet:-1","max-image-preview":"max-image-preview:large","max-video-preview":"max-video-preview:-1"},"canonical":"https:\/\/b3ds.fr\/index.php\/contact-b3ds\/","og_locale":"fr_FR","og_type":"article","og_title":"Contactez Nous","og_description":"Contactez B3DS pour toute demande d'informations sur nos \u00e9quipements professionnels et remorques frigorifiques. R\u00e9ponse rapide !","og_url":"https:\/\/b3ds.fr\/index.php\/contact-b3ds\/","article_modified_time":"2026-03-31T13:51:19+00:00","og_image":[{"url":"http:\/\/b3ds.fr\/wp-content\/uploads\/2026\/02\/B3DS_carlito_remorque_graphismes_design_deco_bleu_batcheditor_fotor-1024x792.jpg","type":"","width":"","height":""}],"twitter_card":"summary_large_image","twitter_misc":{"Dur\u00e9e de lecture estim\u00e9e":"1 minute"},"schema":{"@context":"https:\/\/schema.org","@graph":[{"@type":"WebPage","@id":"https:\/\/b3ds.fr\/index.php\/contact-b3ds\/","url":"https:\/\/b3ds.fr\/index.php\/contact-b3ds\/","name":"Contactez Nous","isPartOf":{"@id":"https:\/\/b3ds.fr\/#website"},"primaryImageOfPage":{"@id":"https:\/\/b3ds.fr\/index.php\/contact-b3ds\/#primaryimage"},"image":{"@id":"https:\/\/b3ds.fr\/index.php\/contact-b3ds\/#primaryimage"},"thumbnailUrl":"http:\/\/b3ds.fr\/wp-content\/uploads\/2026\/02\/B3DS_carlito_remorque_graphismes_design_deco_bleu_batcheditor_fotor-1024x792.jpg","datePublished":"2024-05-14T09:44:36+00:00","dateModified":"2026-03-31T13:51:19+00:00","description":"Contactez B3DS pour toute demande d'informations sur nos \u00e9quipements professionnels et remorques frigorifiques. R\u00e9ponse rapide !","breadcrumb":{"@id":"https:\/\/b3ds.fr\/index.php\/contact-b3ds\/#breadcrumb"},"inLanguage":"fr-FR","potentialAction":[{"@type":"ReadAction","target":["https:\/\/b3ds.fr\/index.php\/contact-b3ds\/"]}]},{"@type":"ImageObject","inLanguage":"fr-FR","@id":"https:\/\/b3ds.fr\/index.php\/contact-b3ds\/#primaryimage","url":"https:\/\/b3ds.fr\/wp-content\/uploads\/2026\/02\/B3DS_carlito_remorque_graphismes_design_deco_bleu_batcheditor_fotor-scaled.jpg","contentUrl":"https:\/\/b3ds.fr\/wp-content\/uploads\/2026\/02\/B3DS_carlito_remorque_graphismes_design_deco_bleu_batcheditor_fotor-scaled.jpg","width":2560,"height":1981,"caption":"Carlito remoque frigorifique de B3DS personnalisable"},{"@type":"BreadcrumbList","@id":"https:\/\/b3ds.fr\/index.php\/contact-b3ds\/#breadcrumb","itemListElement":[{"@type":"ListItem","position":1,"name":"Accueil","item":"https:\/\/b3ds.fr\/"},{"@type":"ListItem","position":2,"name":"Contactez Nous"}]},{"@type":"WebSite","@id":"https:\/\/b3ds.fr\/#website","url":"https:\/\/b3ds.fr\/","name":"","description":"A vous d\u2019inventer le business qui va avec !","potentialAction":[{"@type":"SearchAction","target":{"@type":"EntryPoint","urlTemplate":"https:\/\/b3ds.fr\/?s={search_term_string}"},"query-input":{"@type":"PropertyValueSpecification","valueRequired":true,"valueName":"search_term_string"}}],"inLanguage":"fr-FR"}]}},"_links":{"self":[{"href":"https:\/\/b3ds.fr\/index.php\/wp-json\/wp\/v2\/pages\/146","targetHints":{"allow":["GET"]}}],"collection":[{"href":"https:\/\/b3ds.fr\/index.php\/wp-json\/wp\/v2\/pages"}],"about":[{"href":"https:\/\/b3ds.fr\/index.php\/wp-json\/wp\/v2\/types\/page"}],"author":[{"embeddable":true,"href":"https:\/\/b3ds.fr\/index.php\/wp-json\/wp\/v2\/users\/1"}],"replies":[{"embeddable":true,"href":"https:\/\/b3ds.fr\/index.php\/wp-json\/wp\/v2\/comments?post=146"}],"version-history":[{"count":9,"href":"https:\/\/b3ds.fr\/index.php\/wp-json\/wp\/v2\/pages\/146\/revisions"}],"predecessor-version":[{"id":526,"href":"https:\/\/b3ds.fr\/index.php\/wp-json\/wp\/v2\/pages\/146\/revisions\/526"}],"wp:attachment":[{"href":"https:\/\/b3ds.fr\/index.php\/wp-json\/wp\/v2\/media?parent=146"}],"curies":[{"name":"wp","href":"https:\/\/api.w.org\/{rel}","templated":true}]}}